{"id":4097,"date":"2021-12-01T11:42:42","date_gmt":"2021-12-01T09:42:42","guid":{"rendered":"https:\/\/www.camping-legrillou.fr\/?page_id=4097"},"modified":"2023-09-27T14:43:49","modified_gmt":"2023-09-27T12:43:49","slug":"water-park","status":"publish","type":"page","link":"https:\/\/www.camping-legrillou.fr\/en\/water-park\/","title":{"rendered":"Water Park"},"content":{"rendered":"<h1 style=\"text-align: center;\">Camping Ard\u00e8che Le Grillou Water Park<\/h1>\n<h2 style=\"text-align: center;\">The pleasure of swimming in the Ard\u00e8che<\/h2>\n<p>Enjoy all-family swimming when you stay at the 3-star Camping Ard\u00e8che Le Grillou in Rosi\u00e8res, complete with its own water park and spa pool.<\/p>\n<p>The weather\u2019s nice, it\u2019s hot outside, so come cool off from 30 April to 02 October 2022 from 9:30 a.m. to<br \/>\n8 p.m. at our family-friendly water park, featuring a 47m-long slide guaranteeing fun for all the family!!! Or if you\u2019d rather relax, sink into our spa pool, and enjoy its calming whirlpool as you listen to the soothing sounds of the local cicadas.<\/p>\n<p>Kids can have fun in our Aquatoons aquatic play area, and adults can enjoy in-pool activities: water aerobics, water-based fun for all the family, etc., all headed up by our qualified activity leaders!<\/p>\n<p>Guaranteed relaxation and activities for all the family in the sunny Ard\u00e8che.<\/p>\n\n\t\t<!-- MasterSlider -->\n\t\t<div id=\"P_MS5fdb1dd88b175\" class=\"master-slider-parent msl ms-parent-id-13\" style=\"max-width:790px;\"  >\n\n\t\t\t\n\t\t\t<!-- MasterSlider Main -->\n\t\t\t<div id=\"MS5fdb1dd88b175\" class=\"master-slider ms-skin-light-2\" >\n\t\t\t\t \t\t\t\t \n\t\t\t\t<div  class=\"ms-slide\" data-delay=\"3\" data-fill-mode=\"fill\"  >\n\t\t\t\t\t<img src=\"https:\/\/www.camping-legrillou.fr\/wp-content\/plugins\/master-slider\/public\/assets\/css\/blank.gif\" alt=\"\" title=\"\" data-src=\"https:\/\/www.camping-legrillou.fr\/wp-content\/uploads\/2020\/05\/toboggan2.jpg\" \/>\n\n\n\t<img class=\"ms-thumb\" src=\"https:\/\/www.camping-legrillou.fr\/wp-content\/uploads\/2020\/05\/toboggan2-100x80.jpg\" alt=\"\" \/>\n\t<div class=\"ms-thumb\" ><div class=\"ms-tab-context\"><div class=&quot;ms-tab-context&quot;><\/div><\/div>\n<\/div>\n\t\t\t\t<\/div>\n\t\t\t\t<div  class=\"ms-slide\" data-delay=\"3\" data-fill-mode=\"fill\"  >\n\t\t\t\t\t<img src=\"https:\/\/www.camping-legrillou.fr\/wp-content\/plugins\/master-slider\/public\/assets\/css\/blank.gif\" alt=\"\" title=\"\" data-src=\"https:\/\/www.camping-legrillou.fr\/wp-content\/uploads\/2019\/02\/20181004123227_IMG_4761.jpg\" \/>\n\n\n\t<img class=\"ms-thumb\" src=\"https:\/\/www.camping-legrillou.fr\/wp-content\/uploads\/2019\/02\/20181004123227_IMG_4761-100x80.jpg\" alt=\"\" \/>\n\t<div class=\"ms-thumb\" ><div class=\"ms-tab-context\"><div class=&quot;ms-tab-context&quot;><\/div><\/div>\n<\/div>\n\t\t\t\t<\/div>\n\t\t\t\t<div  class=\"ms-slide\" data-delay=\"3\" data-fill-mode=\"fill\"  >\n\t\t\t\t\t<img src=\"https:\/\/www.camping-legrillou.fr\/wp-content\/plugins\/master-slider\/public\/assets\/css\/blank.gif\" alt=\"\" title=\"\" data-src=\"https:\/\/www.camping-legrillou.fr\/wp-content\/uploads\/2019\/02\/20181004122906_IMG_4753-01.jpeg\" \/>\n\n\n\t<img class=\"ms-thumb\" src=\"https:\/\/www.camping-legrillou.fr\/wp-content\/uploads\/2019\/02\/20181004122906_IMG_4753-01-100x80.jpeg\" alt=\"\" \/>\n\t<div class=\"ms-thumb\" ><div class=\"ms-tab-context\"><div class=&quot;ms-tab-context&quot;><\/div><\/div>\n<\/div>\n\t\t\t\t<\/div>\n\t\t\t\t<div  class=\"ms-slide\" data-delay=\"3\" data-fill-mode=\"fill\"  >\n\t\t\t\t\t<img src=\"https:\/\/www.camping-legrillou.fr\/wp-content\/plugins\/master-slider\/public\/assets\/css\/blank.gif\" alt=\"\" title=\"\" data-src=\"https:\/\/www.camping-legrillou.fr\/wp-content\/uploads\/2020\/05\/Espace-aquatique-FOMBON.jpg\" \/>\n\n\n\t<img class=\"ms-thumb\" src=\"https:\/\/www.camping-legrillou.fr\/wp-content\/uploads\/2020\/05\/Espace-aquatique-FOMBON-100x80.jpg\" alt=\"\" \/>\n\t<div class=\"ms-thumb\" ><div class=\"ms-tab-context\"><div class=&quot;ms-tab-context&quot;><\/div><\/div>\n<\/div>\n\t\t\t\t<\/div>\n\t\t\t\t<div  class=\"ms-slide\" data-delay=\"3\" data-fill-mode=\"fill\"  >\n\t\t\t\t\t<img src=\"https:\/\/www.camping-legrillou.fr\/wp-content\/plugins\/master-slider\/public\/assets\/css\/blank.gif\" alt=\"\" title=\"\" data-src=\"https:\/\/www.camping-legrillou.fr\/wp-content\/uploads\/2020\/05\/IMG_0413.jpg\" \/>\n\n\n\t<img class=\"ms-thumb\" src=\"https:\/\/www.camping-legrillou.fr\/wp-content\/uploads\/2020\/05\/IMG_0413-100x80.jpg\" alt=\"\" \/>\n\t<div class=\"ms-thumb\" ><div class=\"ms-tab-context\"><div class=&quot;ms-tab-context&quot;><\/div><\/div>\n<\/div>\n\t\t\t\t<\/div>\n\t\t\t\t<div  class=\"ms-slide\" data-delay=\"3\" data-fill-mode=\"fill\"  >\n\t\t\t\t\t<img src=\"https:\/\/www.camping-legrillou.fr\/wp-content\/plugins\/master-slider\/public\/assets\/css\/blank.gif\" alt=\"\" title=\"\" data-src=\"https:\/\/www.camping-legrillou.fr\/wp-content\/uploads\/2019\/03\/parc03ok.jpeg\" \/>\n\n\n\t<img class=\"ms-thumb\" src=\"https:\/\/www.camping-legrillou.fr\/wp-content\/uploads\/2019\/03\/parc03ok-100x80.jpeg\" alt=\"\" \/>\n\t<div class=\"ms-thumb\" ><div class=\"ms-tab-context\"><div class=&quot;ms-tab-context&quot;><\/div><\/div>\n<\/div>\n\t\t\t\t<\/div>\n\t\t\t\t<div  class=\"ms-slide\" data-delay=\"3\" data-fill-mode=\"fill\"  >\n\t\t\t\t\t<img src=\"https:\/\/www.camping-legrillou.fr\/wp-content\/plugins\/master-slider\/public\/assets\/css\/blank.gif\" alt=\"\" title=\"\" data-src=\"https:\/\/www.camping-legrillou.fr\/wp-content\/uploads\/2020\/11\/DSC2510.jpg\" \/>\n\n\n\t<img class=\"ms-thumb\" src=\"https:\/\/www.camping-legrillou.fr\/wp-content\/uploads\/2020\/11\/DSC2510-100x80.jpg\" alt=\"\" \/>\n\t<div class=\"ms-thumb\" ><div class=\"ms-tab-context\"><div class=&quot;ms-tab-context&quot;><\/div><\/div>\n<\/div>\n\t\t\t\t<\/div>\n\t\t\t\t<div  class=\"ms-slide\" data-delay=\"3\" data-fill-mode=\"fill\"  >\n\t\t\t\t\t<img src=\"https:\/\/www.camping-legrillou.fr\/wp-content\/plugins\/master-slider\/public\/assets\/css\/blank.gif\" alt=\"\" title=\"\" data-src=\"https:\/\/www.camping-legrillou.fr\/wp-content\/uploads\/2020\/05\/toboggan.1ere.page_.d\u00e9pliant.jpeg\" \/>\n\n\n\t<img class=\"ms-thumb\" src=\"https:\/\/www.camping-legrillou.fr\/wp-content\/uploads\/2020\/05\/toboggan.1ere.page_.d\u00e9pliant-100x80.jpeg\" alt=\"\" \/>\n\t<div class=\"ms-thumb\" ><div class=\"ms-tab-context\"><div class=&quot;ms-tab-context&quot;><\/div><\/div>\n<\/div>\n\t\t\t\t<\/div>\n\t\t\t\t<div  class=\"ms-slide\" data-delay=\"3\" data-fill-mode=\"fill\"  >\n\t\t\t\t\t<img src=\"https:\/\/www.camping-legrillou.fr\/wp-content\/plugins\/master-slider\/public\/assets\/css\/blank.gif\" alt=\"\" title=\"\" data-src=\"https:\/\/www.camping-legrillou.fr\/wp-content\/uploads\/2019\/02\/Aqua-toons-1.jpg\" \/>\n\n\n\t<img class=\"ms-thumb\" src=\"https:\/\/www.camping-legrillou.fr\/wp-content\/uploads\/2019\/02\/Aqua-toons-1-100x80.jpg\" alt=\"\" \/>\n\t<div class=\"ms-thumb\" ><div class=\"ms-tab-context\"><div class=&quot;ms-tab-context&quot;><\/div><\/div>\n<\/div>\n\t\t\t\t<\/div>\n\t\t\t\t<div  class=\"ms-slide\" data-delay=\"3\" data-fill-mode=\"fill\"  >\n\t\t\t\t\t<img src=\"https:\/\/www.camping-legrillou.fr\/wp-content\/plugins\/master-slider\/public\/assets\/css\/blank.gif\" alt=\"\" title=\"\" data-src=\"https:\/\/www.camping-legrillou.fr\/wp-content\/uploads\/2019\/02\/20181004122810_IMG_4748-01.jpeg\" \/>\n\n\n\t<img class=\"ms-thumb\" src=\"https:\/\/www.camping-legrillou.fr\/wp-content\/uploads\/2019\/02\/20181004122810_IMG_4748-01-100x80.jpeg\" alt=\"\" \/>\n\t<div class=\"ms-thumb\" ><div class=\"ms-tab-context\"><div class=&quot;ms-tab-context&quot;><\/div><\/div>\n<\/div>\n\t\t\t\t<\/div>\n\t\t\t\t<div  class=\"ms-slide\" data-delay=\"3\" data-fill-mode=\"fill\"  >\n\t\t\t\t\t<img src=\"https:\/\/www.camping-legrillou.fr\/wp-content\/plugins\/master-slider\/public\/assets\/css\/blank.gif\" alt=\"\" title=\"\" data-src=\"https:\/\/www.camping-legrillou.fr\/wp-content\/uploads\/2020\/05\/IMG_0467-01.jpeg\" \/>\n\n\n\t<img class=\"ms-thumb\" src=\"https:\/\/www.camping-legrillou.fr\/wp-content\/uploads\/2020\/05\/IMG_0467-01-100x80.jpeg\" alt=\"\" \/>\n\t<div class=\"ms-thumb\" ><div class=\"ms-tab-context\"><div class=&quot;ms-tab-context&quot;><\/div><\/div>\n<\/div>\n\t\t\t\t<\/div>\n\t\t\t\t<div  class=\"ms-slide\" data-delay=\"3\" data-fill-mode=\"fill\"  >\n\t\t\t\t\t<img src=\"https:\/\/www.camping-legrillou.fr\/wp-content\/plugins\/master-slider\/public\/assets\/css\/blank.gif\" alt=\"\" title=\"\" data-src=\"https:\/\/www.camping-legrillou.fr\/wp-content\/uploads\/2020\/01\/DJI_0196.jpg\" \/>\n\n\n\t<img class=\"ms-thumb\" src=\"https:\/\/www.camping-legrillou.fr\/wp-content\/uploads\/2020\/01\/DJI_0196-100x80.jpg\" alt=\"\" \/>\n\t<div class=\"ms-thumb\" ><div class=\"ms-tab-context\"><div class=&quot;ms-tab-context&quot;><\/div><\/div>\n<\/div>\n\t\t\t\t<\/div>\n\t\t\t\t<div  class=\"ms-slide\" data-delay=\"3\" data-fill-mode=\"fill\"  >\n\t\t\t\t\t<img src=\"https:\/\/www.camping-legrillou.fr\/wp-content\/plugins\/master-slider\/public\/assets\/css\/blank.gif\" alt=\"\" title=\"\" data-src=\"https:\/\/www.camping-legrillou.fr\/wp-content\/uploads\/2020\/05\/GOPR5212-01.jpeg\" \/>\n\n\n\t<img class=\"ms-thumb\" src=\"https:\/\/www.camping-legrillou.fr\/wp-content\/uploads\/2020\/05\/GOPR5212-01-100x80.jpeg\" alt=\"\" \/>\n\t<div class=\"ms-thumb\" ><div class=\"ms-tab-context\"><div class=&quot;ms-tab-context&quot;><\/div><\/div>\n<\/div>\n\t\t\t\t<\/div>\n\t\t\t\t<div  class=\"ms-slide\" data-delay=\"3\" data-fill-mode=\"fill\"  >\n\t\t\t\t\t<img src=\"https:\/\/www.camping-legrillou.fr\/wp-content\/plugins\/master-slider\/public\/assets\/css\/blank.gif\" alt=\"\" title=\"\" data-src=\"https:\/\/www.camping-legrillou.fr\/wp-content\/uploads\/2020\/11\/DSC2526.jpg\" \/>\n\n\n\t<img class=\"ms-thumb\" src=\"https:\/\/www.camping-legrillou.fr\/wp-content\/uploads\/2020\/11\/DSC2526-100x80.jpg\" alt=\"\" \/>\n\t<div class=\"ms-thumb\" ><div class=\"ms-tab-context\"><div class=&quot;ms-tab-context&quot;><\/div><\/div>\n<\/div>\n\t\t\t\t<\/div>\n\t\t\t\t<div  class=\"ms-slide\" data-delay=\"3\" data-fill-mode=\"fill\"  >\n\t\t\t\t\t<img src=\"https:\/\/www.camping-legrillou.fr\/wp-content\/plugins\/master-slider\/public\/assets\/css\/blank.gif\" alt=\"\" title=\"\" data-src=\"https:\/\/www.camping-legrillou.fr\/wp-content\/uploads\/2020\/11\/DSC2405.jpg\" \/>\n\n\n\t<img class=\"ms-thumb\" src=\"https:\/\/www.camping-legrillou.fr\/wp-content\/uploads\/2020\/11\/DSC2405-100x80.jpg\" alt=\"\" \/>\n\t<div class=\"ms-thumb\" ><div class=\"ms-tab-context\"><div class=&quot;ms-tab-context&quot;><\/div><\/div>\n<\/div>\n\t\t\t\t<\/div>\n\n\t\t\t<\/div>\n\t\t\t<!-- END MasterSlider Main -->\n\n\t\t\t \n\t\t<\/div>\n\t\t<!-- END MasterSlider -->\n\n\t\t<script>\n\t\t(function ( $ ) {\n\t\t\t\"use strict\";\n\n\t\t\t$(function () {\n\t\t\t\tvar masterslider_b175 = new MasterSlider();\n\n\t\t\t\t\/\/ slider controls\n\t\t\t\tmasterslider_b175.control('arrows'     ,{ autohide:false, overVideo:true  });\n\t\t\t\tmasterslider_b175.control('thumblist'  ,{ autohide:false, overVideo:true, dir:'h', speed:17, inset:false, arrows:false, hover:false, customClass:'', align:'bottom',type:'thumbs', margin:10, width:100, height:80, space:10, fillMode:'fill'  });\n\t\t\t\tmasterslider_b175.control('scrollbar'  ,{ autohide:true, overVideo:true, dir:'h', inset:true, align:'top', color:'#404040' , margin:10  , width:4 });\n\t\t\t\t\/\/ slider setup\n\t\t\t\tmasterslider_b175.setup(\"MS5fdb1dd88b175\", {\n\t\t\t\t\t\twidth           : 790,\n\t\t\t\t\t\theight          : 422,\n\t\t\t\t\t\tminHeight       : 300,\n\t\t\t\t\t\tspace           : 0,\n\t\t\t\t\t\tstart           : 1,\n\t\t\t\t\t\tgrabCursor      : true,\n\t\t\t\t\t\tswipe           : true,\n\t\t\t\t\t\tmouse           : true,\n\t\t\t\t\t\tlayout          : \"boxed\",\n\t\t\t\t\t\twheel           : false,\n\t\t\t\t\t\tautoplay        : false,\n\t\t\t\t\t\tinstantStartLayers:false,\n\t\t\t\t\t\tloop            : false,\n\t\t\t\t\t\tshuffle         : false,\n\t\t\t\t\t\tpreload         : 0,\n\t\t\t\t\t\theightLimit     : true,\n\t\t\t\t\t\tautoHeight      : false,\n\t\t\t\t\t\tsmoothHeight    : true,\n\t\t\t\t\t\tendPause        : false,\n\t\t\t\t\t\toverPause       : true,\n\t\t\t\t\t\tfillMode        : \"fill\",\n\t\t\t\t\t\tcenterControls  : false,\n\t\t\t\t\t\tstartOnAppear   : false,\n\t\t\t\t\t\tlayersMode      : \"center\",\n\t\t\t\t\t\thideLayers      : false,\n\t\t\t\t\t\tfullscreenMargin: 0,\n\t\t\t\t\t\tspeed           : 20,\n\t\t\t\t\t\tdir             : \"h\",\n\t\t\t\t\t\tparallaxMode    : 'swipe',\n\t\t\t\t\t\tview            : \"basic\"\n\t\t\t\t});\n\n\t\t\t\t\n\t\t\t\twindow.masterslider_instances = window.masterslider_instances || [];\n\t\t\t\twindow.masterslider_instances.push( masterslider_b175 );\n\t\t\t });\n\n\t\t})(jQuery);\n\t\t<\/script>\n\n\n<p>&nbsp;<\/p>\n","protected":false},"excerpt":{"rendered":"Camping Ard\u00e8che Le Grillou Water Park The pleasure of swimming in the Ard\u00e8che Enjoy all-family swimming when you stay at the 3-star Camping Ard\u00e8che Le Grillou in Rosi\u00e8res, complete with its own water park and spa pool. The weather\u2019s nice, it\u2019s hot outside, so come cool off from 30 April to 02 October 2022 from [&hellip;]","protected":false},"author":3,"featured_media":3603,"parent":0,"menu_order":0,"comment_status":"closed","ping_status":"closed","template":"","meta":[],"_links":{"self":[{"href":"https:\/\/www.camping-legrillou.fr\/en\/wp-json\/wp\/v2\/pages\/4097"}],"collection":[{"href":"https:\/\/www.camping-legrillou.fr\/en\/wp-json\/wp\/v2\/pages"}],"about":[{"href":"https:\/\/www.camping-legrillou.fr\/en\/wp-json\/wp\/v2\/types\/page"}],"author":[{"embeddable":true,"href":"https:\/\/www.camping-legrillou.fr\/en\/wp-json\/wp\/v2\/users\/3"}],"replies":[{"embeddable":true,"href":"https:\/\/www.camping-legrillou.fr\/en\/wp-json\/wp\/v2\/comments?post=4097"}],"version-history":[{"count":7,"href":"https:\/\/www.camping-legrillou.fr\/en\/wp-json\/wp\/v2\/pages\/4097\/revisions"}],"predecessor-version":[{"id":4552,"href":"https:\/\/www.camping-legrillou.fr\/en\/wp-json\/wp\/v2\/pages\/4097\/revisions\/4552"}],"wp:featuredmedia":[{"embeddable":true,"href":"https:\/\/www.camping-legrillou.fr\/en\/wp-json\/wp\/v2\/media\/3603"}],"wp:attachment":[{"href":"https:\/\/www.camping-legrillou.fr\/en\/wp-json\/wp\/v2\/media?parent=4097"}],"curies":[{"name":"wp","href":"https:\/\/api.w.org\/{rel}","templated":true}]}}