{"id":4106,"date":"2021-12-02T18:03:33","date_gmt":"2021-12-02T16:03:33","guid":{"rendered":"https:\/\/www.camping-legrillou.fr\/?page_id=4106"},"modified":"2021-12-16T12:08:40","modified_gmt":"2021-12-16T10:08:40","slug":"rosieres","status":"publish","type":"page","link":"https:\/\/www.camping-legrillou.fr\/en\/surrounding-area-ardeche\/rosieres\/","title":{"rendered":"Rosi\u00e8res"},"content":{"rendered":"<h1 style=\"text-align: center;\">Rosi\u00e8res<\/h1>\n<p>Rosi\u00e8res is a small village in the Southern Ard\u00e8che with a booming tourist trade. It stands on the edge of the Monts d\u2019Ard\u00e8che regional nature reserve, guaranteeing it a southern climate and plenty to keep you busy. Activities include walks on marked footpaths, swimming in the La Beaume river, fishing, etc.<\/p>\n<p>Wind your way between the stone walls (terraced farming) as you explore the home of the Chatus grape for both guided vineyard tours and wine-tasting sessions.<\/p>\n\n\n<div id=\"wk-grid897\" class=\"uk-grid-width-1-1 uk-grid-width-small-1-1 uk-grid-width-medium-1-3 uk-grid-width-large-1-3 uk-grid-width-xlarge-1-3 \" data-uk-grid=\"{gutter: ' 20'}\" >\n\n    \n    <div>\n    \n<div class=\"uk-panel\">\n\n    <div class=\"uk-panel-teaser\">\n\n        <figure class=\"uk-overlay uk-overlay-hover uk-border-rounded\">\n\n            <img src=\"\/wp-content\/plugins\/widgetkit\/cache\/rosieres01-1-bc36b976d8eff9fa30e38acb0a212cac.jpg\" class=\"uk-overlay-scale\" alt=\"Rosieres\" width=\"250\" height=\"167\">\n            \n            \n                            <div class=\"uk-overlay-panel uk-overlay-icon uk-overlay-fade\"><\/div>\n            \n                                                                        <a class=\"uk-position-cover\" href=\"\/wp-content\/uploads\/2019\/02\/rosieres01-1.jpg\" data-lightbox-type=\"image\" data-uk-lightbox=\"{group:'.wk-1897'}\" title=\"Rosieres\"><\/a>\n                                                \n        <\/figure>\n\n    <\/div>\n\n    \n        \n        \n    \n<\/div>\n    <\/div>\n\n        \n    <div>\n    \n<div class=\"uk-panel\">\n\n    <div class=\"uk-panel-teaser\">\n\n        <figure class=\"uk-overlay uk-overlay-hover uk-border-rounded\">\n\n            <img src=\"\/wp-content\/plugins\/widgetkit\/cache\/rosieres02-a39b210477192fca1c17c6f965845e7f.jpg\" class=\"uk-overlay-scale\" alt=\"Rosieres\" width=\"250\" height=\"167\">\n            \n            \n                            <div class=\"uk-overlay-panel uk-overlay-icon uk-overlay-fade\"><\/div>\n            \n                                                                        <a class=\"uk-position-cover\" href=\"\/wp-content\/uploads\/2019\/02\/rosieres02.jpg\" data-lightbox-type=\"image\" data-uk-lightbox=\"{group:'.wk-1897'}\" title=\"Rosieres\"><\/a>\n                                                \n        <\/figure>\n\n    <\/div>\n\n    \n        \n        \n    \n<\/div>\n    <\/div>\n\n        \n    <div>\n    \n<div class=\"uk-panel\">\n\n    <div class=\"uk-panel-teaser\">\n\n        <figure class=\"uk-overlay uk-overlay-hover uk-border-rounded\">\n\n            <img src=\"\/wp-content\/plugins\/widgetkit\/cache\/rosieres03-798bcf083563dc9de4a5a92a068d9216.jpg\" class=\"uk-overlay-scale\" alt=\"Rosieres\" width=\"250\" height=\"167\">\n            \n            \n                            <div class=\"uk-overlay-panel uk-overlay-icon uk-overlay-fade\"><\/div>\n            \n                                                                        <a class=\"uk-position-cover\" href=\"\/wp-content\/uploads\/2019\/02\/rosieres03.jpg\" data-lightbox-type=\"image\" data-uk-lightbox=\"{group:'.wk-1897'}\" title=\"Rosieres\"><\/a>\n                                                \n        <\/figure>\n\n    <\/div>\n\n    \n        \n        \n    \n<\/div>\n    <\/div>\n\n    \n<\/div>\n\n\n<script>\n(function($){\n\n    \/\/ get the images of the gallery and replace it by a canvas of the same size to fix the problem with overlapping images on load.\n    $('img[width][height]:not(.uk-overlay-panel)', $('#wk-grid897')).each(function() {\n\n        var $img = $(this);\n\n        if (this.width == 'auto' || this.height == 'auto' || !$img.is(':visible')) {\n            return;\n        }\n\n        var $canvas = $('<canvas class=\"uk-responsive-width\"><\/canvas>').attr({width:$img.attr('width'), height:$img.attr('height')}),\n            img = new Image,\n            release = function() {\n                $canvas.remove();\n                $img.css('display', '');\n                release = function(){};\n            };\n\n        $img.css('display', 'none').after($canvas);\n\n        $(img).on('load', function(){ release(); });\n        setTimeout(function(){ release(); }, 1000);\n\n        img.src = this.src;\n\n    });\n\n})(jQuery);\n<\/script>\n\n","protected":false},"excerpt":{"rendered":"Rosi\u00e8res Rosi\u00e8res is a small village in the Southern Ard\u00e8che with a booming tourist trade. It stands on the edge of the Monts d\u2019Ard\u00e8che regional nature reserve, guaranteeing it a southern climate and plenty to keep you busy. Activities include walks on marked footpaths, swimming in the La Beaume river, fishing, etc. Wind your way [&hellip;]","protected":false},"author":3,"featured_media":0,"parent":749,"menu_order":0,"comment_status":"closed","ping_status":"closed","template":"","meta":[],"_links":{"self":[{"href":"https:\/\/www.camping-legrillou.fr\/en\/wp-json\/wp\/v2\/pages\/4106"}],"collection":[{"href":"https:\/\/www.camping-legrillou.fr\/en\/wp-json\/wp\/v2\/pages"}],"about":[{"href":"https:\/\/www.camping-legrillou.fr\/en\/wp-json\/wp\/v2\/types\/page"}],"author":[{"embeddable":true,"href":"https:\/\/www.camping-legrillou.fr\/en\/wp-json\/wp\/v2\/users\/3"}],"replies":[{"embeddable":true,"href":"https:\/\/www.camping-legrillou.fr\/en\/wp-json\/wp\/v2\/comments?post=4106"}],"version-history":[{"count":4,"href":"https:\/\/www.camping-legrillou.fr\/en\/wp-json\/wp\/v2\/pages\/4106\/revisions"}],"predecessor-version":[{"id":4329,"href":"https:\/\/www.camping-legrillou.fr\/en\/wp-json\/wp\/v2\/pages\/4106\/revisions\/4329"}],"up":[{"embeddable":true,"href":"https:\/\/www.camping-legrillou.fr\/en\/wp-json\/wp\/v2\/pages\/749"}],"wp:attachment":[{"href":"https:\/\/www.camping-legrillou.fr\/en\/wp-json\/wp\/v2\/media?parent=4106"}],"curies":[{"name":"wp","href":"https:\/\/api.w.org\/{rel}","templated":true}]}}