{"id":4112,"date":"2021-12-03T10:14:16","date_gmt":"2021-12-03T08:14:16","guid":{"rendered":"https:\/\/www.camping-legrillou.fr\/?page_id=4112"},"modified":"2021-12-16T12:01:07","modified_gmt":"2021-12-16T10:01:07","slug":"the-river","status":"publish","type":"page","link":"https:\/\/www.camping-legrillou.fr\/en\/the-campsite\/the-river\/","title":{"rendered":"River"},"content":{"rendered":"<h1 style=\"text-align: center;\">River<\/h1>\n<p>Just a stone\u2019s throw from the La Beaume River, explore this quiet, peaceful, and verdant corner of the idyllic, sunny Ard\u00e8che. The La Beaume river in Rosi\u00e8res in the Ard\u00e8che is all about relaxation, family, sandy and rocky beaches, swimming, sunbathing, etc.<\/p>\n<p>You can unwind on the rocky beaches while your children have fun in the river\u2019s natural pools.<\/p>\n<p>This river is a real hit with <a href=\"https:\/\/www.camping-legrillou.fr\/en\/surrounding-area-ardeche\/fishing\/\" target=\"_blank\" rel=\"noopener\">fishing fans<\/a>. Why not try your hand at catching some trout &#8211; the Ard\u00e8che\u2019s emblematic fish &#8211; in our category-1 and -2 rivers? Fishing permits are exclusively sold on the internet by clicking on the link below: <a href=\"http:\/\/www.cartedepeche.fr\/\" target=\"_blank\" rel=\"noopener\">www.cartedepeche.fr<\/a><\/p>\n\n\t\t<!-- MasterSlider -->\n\t\t<div id=\"P_MS5fb78a1febc06\" class=\"master-slider-parent msl ms-parent-id-17\" style=\"max-width:800px;\"  >\n\n\t\t\t\n\t\t\t<!-- MasterSlider Main -->\n\t\t\t<div id=\"MS5fb78a1febc06\" class=\"master-slider ms-skin-light-2\" >\n\t\t\t\t \t\t\t\t \n\t\t\t\t<div  class=\"ms-slide\" data-delay=\"3\" data-fill-mode=\"fill\"  >\n\t\t\t\t\t<img src=\"https:\/\/www.camping-legrillou.fr\/wp-content\/plugins\/master-slider\/public\/assets\/css\/blank.gif\" alt=\"\" title=\"\" data-src=\"https:\/\/www.camping-legrillou.fr\/wp-content\/uploads\/2020\/05\/site-2019-riv3-800x480.jpg\" \/>\n\n\n\t<img class=\"ms-thumb\" src=\"https:\/\/www.camping-legrillou.fr\/wp-content\/uploads\/2020\/05\/site-2019-riv3-140x80.jpg\" alt=\"\" \/>\n\t<div class=\"ms-thumb\" ><div class=\"ms-tab-context\"><div class=&quot;ms-tab-context&quot;><\/div><\/div>\n<\/div>\n\t\t\t\t<\/div>\n\t\t\t\t<div  class=\"ms-slide\" data-delay=\"3\" data-fill-mode=\"fill\"  >\n\t\t\t\t\t<img src=\"https:\/\/www.camping-legrillou.fr\/wp-content\/plugins\/master-slider\/public\/assets\/css\/blank.gif\" alt=\"\" title=\"\" data-src=\"https:\/\/www.camping-legrillou.fr\/wp-content\/uploads\/2019\/02\/site-2019-riv5-800x480.jpg\" \/>\n\n\n\t<img class=\"ms-thumb\" src=\"https:\/\/www.camping-legrillou.fr\/wp-content\/uploads\/2019\/02\/site-2019-riv5-140x80.jpg\" alt=\"\" \/>\n\t<div class=\"ms-thumb\" ><div class=\"ms-tab-context\"><div class=&quot;ms-tab-context&quot;><\/div><\/div>\n<\/div>\n\t\t\t\t<\/div>\n\t\t\t\t<div  class=\"ms-slide\" data-delay=\"3\" data-fill-mode=\"fill\"  >\n\t\t\t\t\t<img src=\"https:\/\/www.camping-legrillou.fr\/wp-content\/plugins\/master-slider\/public\/assets\/css\/blank.gif\" alt=\"\" title=\"\" data-src=\"https:\/\/www.camping-legrillou.fr\/wp-content\/uploads\/2019\/02\/rivi\u00e8re-2-800x480.jpg\" \/>\n\n\n\t<img class=\"ms-thumb\" src=\"https:\/\/www.camping-legrillou.fr\/wp-content\/uploads\/2019\/02\/rivi\u00e8re-2-140x80.jpg\" alt=\"\" \/>\n\t<div class=\"ms-thumb\" ><div class=\"ms-tab-context\"><div class=&quot;ms-tab-context&quot;><\/div><\/div>\n<\/div>\n\t\t\t\t<\/div>\n\t\t\t\t<div  class=\"ms-slide\" data-delay=\"3\" data-fill-mode=\"fill\"  >\n\t\t\t\t\t<img src=\"https:\/\/www.camping-legrillou.fr\/wp-content\/plugins\/master-slider\/public\/assets\/css\/blank.gif\" alt=\"\" title=\"\" data-src=\"https:\/\/www.camping-legrillou.fr\/wp-content\/uploads\/2019\/02\/rivi\u00e8re-1-800x480.jpg\" \/>\n\n\n\t<img class=\"ms-thumb\" src=\"https:\/\/www.camping-legrillou.fr\/wp-content\/uploads\/2019\/02\/rivi\u00e8re-1-140x80.jpg\" alt=\"\" \/>\n\t<div class=\"ms-thumb\" ><div class=\"ms-tab-context\"><div class=&quot;ms-tab-context&quot;><\/div><\/div>\n<\/div>\n\t\t\t\t<\/div>\n\t\t\t\t<div  class=\"ms-slide\" data-delay=\"3\" data-fill-mode=\"fill\"  >\n\t\t\t\t\t<img src=\"https:\/\/www.camping-legrillou.fr\/wp-content\/plugins\/master-slider\/public\/assets\/css\/blank.gif\" alt=\"\" title=\"\" data-src=\"https:\/\/www.camping-legrillou.fr\/wp-content\/uploads\/2019\/02\/peche02-800x480.jpg\" \/>\n\n\n\t<img class=\"ms-thumb\" src=\"https:\/\/www.camping-legrillou.fr\/wp-content\/uploads\/2019\/02\/peche02-140x80.jpg\" alt=\"\" \/>\n\t<div class=\"ms-thumb\" ><div class=\"ms-tab-context\"><div class=&quot;ms-tab-context&quot;><\/div><\/div>\n<\/div>\n\t\t\t\t<\/div>\n\t\t\t\t<div  class=\"ms-slide\" data-delay=\"3\" data-fill-mode=\"fill\"  >\n\t\t\t\t\t<img src=\"https:\/\/www.camping-legrillou.fr\/wp-content\/plugins\/master-slider\/public\/assets\/css\/blank.gif\" alt=\"\" title=\"\" data-src=\"https:\/\/www.camping-legrillou.fr\/wp-content\/uploads\/2019\/03\/peche01R-800x480.jpg\" \/>\n\n\n\t<img class=\"ms-thumb\" src=\"https:\/\/www.camping-legrillou.fr\/wp-content\/uploads\/2019\/03\/peche01R-140x80.jpg\" alt=\"\" \/>\n\t<div class=\"ms-thumb\" ><div class=\"ms-tab-context\"><div class=&quot;ms-tab-context&quot;><\/div><\/div>\n<\/div>\n\t\t\t\t<\/div>\n\n\t\t\t<\/div>\n\t\t\t<!-- END MasterSlider Main -->\n\n\t\t\t \n\t\t<\/div>\n\t\t<!-- END MasterSlider -->\n\n\t\t<script>\n\t\t(function ( $ ) {\n\t\t\t\"use strict\";\n\n\t\t\t$(function () {\n\t\t\t\tvar masterslider_bc06 = new MasterSlider();\n\n\t\t\t\t\/\/ slider controls\n\t\t\t\tmasterslider_bc06.control('arrows'     ,{ autohide:false, overVideo:true  });\n\t\t\t\tmasterslider_bc06.control('thumblist'  ,{ autohide:false, overVideo:true, dir:'h', speed:17, inset:false, arrows:false, hover:false, customClass:'', align:'bottom',type:'thumbs', margin:5, width:140, height:80, space:5, fillMode:'fill'  });\n\t\t\t\tmasterslider_bc06.control('scrollbar'  ,{ autohide:false, overVideo:true, dir:'h', inset:true, align:'top', color:'#404040' , margin:10  , width:4 });\n\t\t\t\t\/\/ slider setup\n\t\t\t\tmasterslider_bc06.setup(\"MS5fb78a1febc06\", {\n\t\t\t\t\t\twidth           : 800,\n\t\t\t\t\t\theight          : 480,\n\t\t\t\t\t\tminHeight       : 300,\n\t\t\t\t\t\tspace           : 0,\n\t\t\t\t\t\tstart           : 1,\n\t\t\t\t\t\tgrabCursor      : true,\n\t\t\t\t\t\tswipe           : true,\n\t\t\t\t\t\tmouse           : true,\n\t\t\t\t\t\tlayout          : \"boxed\",\n\t\t\t\t\t\twheel           : false,\n\t\t\t\t\t\tautoplay        : false,\n\t\t\t\t\t\tinstantStartLayers:false,\n\t\t\t\t\t\tloop            : false,\n\t\t\t\t\t\tshuffle         : false,\n\t\t\t\t\t\tpreload         : 0,\n\t\t\t\t\t\theightLimit     : true,\n\t\t\t\t\t\tautoHeight      : false,\n\t\t\t\t\t\tsmoothHeight    : true,\n\t\t\t\t\t\tendPause        : false,\n\t\t\t\t\t\toverPause       : true,\n\t\t\t\t\t\tfillMode        : \"fill\",\n\t\t\t\t\t\tcenterControls  : false,\n\t\t\t\t\t\tstartOnAppear   : false,\n\t\t\t\t\t\tlayersMode      : \"center\",\n\t\t\t\t\t\thideLayers      : false,\n\t\t\t\t\t\tfullscreenMargin: 0,\n\t\t\t\t\t\tspeed           : 20,\n\t\t\t\t\t\tdir             : \"h\",\n\t\t\t\t\t\tparallaxMode    : 'swipe',\n\t\t\t\t\t\tview            : \"basic\"\n\t\t\t\t});\n\n\t\t\t\t\n\t\t\t\twindow.masterslider_instances = window.masterslider_instances || [];\n\t\t\t\twindow.masterslider_instances.push( masterslider_bc06 );\n\t\t\t });\n\n\t\t})(jQuery);\n\t\t<\/script>\n\n\n","protected":false},"excerpt":{"rendered":"River Just a stone\u2019s throw from the La Beaume River, explore this quiet, peaceful, and verdant corner of the idyllic, sunny Ard\u00e8che. The La Beaume river in Rosi\u00e8res in the Ard\u00e8che is all about relaxation, family, sandy and rocky beaches, swimming, sunbathing, etc. You can unwind on the rocky beaches while your children have fun [&hellip;]","protected":false},"author":3,"featured_media":3401,"parent":759,"menu_order":3,"comment_status":"closed","ping_status":"closed","template":"","meta":[],"_links":{"self":[{"href":"https:\/\/www.camping-legrillou.fr\/en\/wp-json\/wp\/v2\/pages\/4112"}],"collection":[{"href":"https:\/\/www.camping-legrillou.fr\/en\/wp-json\/wp\/v2\/pages"}],"about":[{"href":"https:\/\/www.camping-legrillou.fr\/en\/wp-json\/wp\/v2\/types\/page"}],"author":[{"embeddable":true,"href":"https:\/\/www.camping-legrillou.fr\/en\/wp-json\/wp\/v2\/users\/3"}],"replies":[{"embeddable":true,"href":"https:\/\/www.camping-legrillou.fr\/en\/wp-json\/wp\/v2\/comments?post=4112"}],"version-history":[{"count":4,"href":"https:\/\/www.camping-legrillou.fr\/en\/wp-json\/wp\/v2\/pages\/4112\/revisions"}],"predecessor-version":[{"id":4328,"href":"https:\/\/www.camping-legrillou.fr\/en\/wp-json\/wp\/v2\/pages\/4112\/revisions\/4328"}],"up":[{"embeddable":true,"href":"https:\/\/www.camping-legrillou.fr\/en\/wp-json\/wp\/v2\/pages\/759"}],"wp:featuredmedia":[{"embeddable":true,"href":"https:\/\/www.camping-legrillou.fr\/en\/wp-json\/wp\/v2\/media\/3401"}],"wp:attachment":[{"href":"https:\/\/www.camping-legrillou.fr\/en\/wp-json\/wp\/v2\/media?parent=4112"}],"curies":[{"name":"wp","href":"https:\/\/api.w.org\/{rel}","templated":true}]}}