{"id":753,"date":"2017-01-25T08:37:21","date_gmt":"2017-01-25T08:37:21","guid":{"rendered":"https:\/\/www.camping-legrillou.fr\/comment-venir\/"},"modified":"2021-12-15T09:53:59","modified_gmt":"2021-12-15T07:53:59","slug":"how-to-find-us","status":"publish","type":"page","link":"https:\/\/www.camping-legrillou.fr\/en\/how-to-find-us\/","title":{"rendered":"How to find us"},"content":{"rendered":"<h1>How to find us<\/h1>\n<p><strong>GPS coordinates<\/strong><\/p>\n<p><a title=\"Ouvrir plan\" href=\"https:\/\/www.camping-legrillou.fr\/wp-content\/uploads\/2017\/01\/comment-venir-grillou.jpg\" data-lightbox-type=\"image\" data-uk-lightbox=\"{group:'your-group-name'}\"><img class=\"alignright\" src=\"https:\/\/www.camping-legrillou.fr\/wp-content\/uploads\/2017\/01\/comment-venir-grillou-168x300.jpg\" \/><\/a><\/p>\n<p>Latitude: 44.4848189<\/p>\n<p>Longitude: 4.2529573<\/p>\n<p><strong>By car<\/strong><\/p>\n<p>From the A7 motorway, take the \u201cMont\u00e9limar Nord\u201d exit. Follow signs for Le Teil then head towards Al\u00e8s.<\/p>\n<p><a href=\"https:\/\/www.mappy.fr\/\">www.mappy.fr<\/a><\/p>\n<p><strong>By train<\/strong><\/p>\n<p>Mont\u00e9limar SNCF or Valence TGV station. Connection by bus to Rosi\u00e8res via Aubenas.<\/p>\n<p><a href=\"https:\/\/www.sncf.com\/\">www.sncf.com<\/a><\/p>\n<p><strong>Camping-Caravaning &#8211; LE GRILLOU<\/strong><\/p>\n<p>590 Route de Joyeuse<\/p>\n<p>07260 Rosi\u00e8res<\/p>\n<p>Tel.: 04.75.39.51.50<\/p>\n<p>E-mail: <a href=\"mailto:reception@camping-legrillou.fr\">reception@camping-legrillou.fr<\/a><\/p>\n<div class=\"map\"><iframe loading=\"lazy\" style=\"border: 0;\" src=\"https:\/\/www.google.com\/maps\/embed?pb=!1m18!1m12!1m3!1d2846.573675580633!2d4.2519104155248835!3d44.4829107791016!2m3!1f0!2f0!3f0!3m2!1i1024!2i768!4f13.1!3m3!1m2!1s0x0%3A0x42314180e1556880!2sCamping%20Caravaning%20le%20Grillou!5e0!3m2!1sfr!2sfr!4v1577972765438!5m2!1sfr!2sfr\" width=\"600\" height=\"450\" frameborder=\"0\" allowfullscreen=\"allowfullscreen\"><\/iframe><\/div>\n","protected":false},"excerpt":{"rendered":"How to find us GPS coordinates Latitude: 44.4848189 Longitude: 4.2529573 By car From the A7 motorway, take the \u201cMont\u00e9limar Nord\u201d exit. Follow signs for Le Teil then head towards Al\u00e8s. www.mappy.fr By train Mont\u00e9limar SNCF or Valence TGV station. Connection by bus to Rosi\u00e8res via Aubenas. www.sncf.com Camping-Caravaning &#8211; LE GRILLOU 590 Route de Joyeuse [&hellip;]","protected":false},"author":1,"featured_media":0,"parent":0,"menu_order":0,"comment_status":"closed","ping_status":"closed","template":"","meta":[],"_links":{"self":[{"href":"https:\/\/www.camping-legrillou.fr\/en\/wp-json\/wp\/v2\/pages\/753"}],"collection":[{"href":"https:\/\/www.camping-legrillou.fr\/en\/wp-json\/wp\/v2\/pages"}],"about":[{"href":"https:\/\/www.camping-legrillou.fr\/en\/wp-json\/wp\/v2\/types\/page"}],"author":[{"embeddable":true,"href":"https:\/\/www.camping-legrillou.fr\/en\/wp-json\/wp\/v2\/users\/1"}],"replies":[{"embeddable":true,"href":"https:\/\/www.camping-legrillou.fr\/en\/wp-json\/wp\/v2\/comments?post=753"}],"version-history":[{"count":9,"href":"https:\/\/www.camping-legrillou.fr\/en\/wp-json\/wp\/v2\/pages\/753\/revisions"}],"predecessor-version":[{"id":4247,"href":"https:\/\/www.camping-legrillou.fr\/en\/wp-json\/wp\/v2\/pages\/753\/revisions\/4247"}],"wp:attachment":[{"href":"https:\/\/www.camping-legrillou.fr\/en\/wp-json\/wp\/v2\/media?parent=753"}],"curies":[{"name":"wp","href":"https:\/\/api.w.org\/{rel}","templated":true}]}}