{"id":759,"date":"2016-12-28T17:38:48","date_gmt":"2016-12-28T17:38:48","guid":{"rendered":"https:\/\/www.camping-legrillou.fr\/le-camping\/"},"modified":"2021-12-15T16:28:06","modified_gmt":"2021-12-15T14:28:06","slug":"the-campsite","status":"publish","type":"page","link":"https:\/\/www.camping-legrillou.fr\/en\/the-campsite\/","title":{"rendered":"The Campsite"},"content":{"rendered":"<h1 style=\"text-align: center;\">Presentation of Camping Ard\u00e8che Le Grillou<\/h1>\n<p>Located in the Southern Ard\u00e8che, in the village of Rosi\u00e8res, Camping Ard\u00e8che Le Grillou is the perfect place to enjoy a sunny stay in a friendly atmosphere. Looking to relax or cool off?<br \/>\nOur water park features a large pool, a spa pool, a small pool, a 47m-long water slide, a paddling pool, and an Aquatoons play area.<\/p>\n<p style=\"text-align: center;\"><strong>NEW FOR 2020: HEATED SHOWER &amp; TOILET FACILITIES<\/strong><\/p>\n<p><strong>A special setting: <\/strong> <br \/> The La Beaume river (perfect for fishing and swimming in the Ard\u00e8che) runs just 150 metres from the campsite, which features a range of facilities to relax and have fun: 2 play areas, bowls pitches, table tennis tables, games room, beach soccer stadium, basketball court, rope games, climbing rock, etc.<br \/>\n<strong>Activities: <\/strong> <br \/> Activities are organised every day for both children and adults (in July and August)!!!<\/p>\n<p><strong>Evening activities:<\/strong> Dance evenings, concerts, bingo and game evenings, etc. are organised 3 to 4 times a week (activities end at midnight)<br \/>\n<strong>Daytime activities:<\/strong> Water aerobics, bowls competition, table tennis tournament, water polo, beach soccer, volleyball, etc. There\u2019s plenty for sports fans to enjoy. A range of children\u2019s creative workshops and mass-participation games are organised all week.<br \/>\n<strong>On-site services:<\/strong><br \/>\nWashing machine \/ Tumble dryer, TV room, Wi-Fi access, FREE Barbecue hire, Fridge hire, Baby kit hire, Shower &amp; toilet facilities tailored to both young children and persons with reduce mobility.<br \/>\n<strong>You\u2019ll find the following in the village (within a 200-metre radius):<\/strong><br \/>\nThe Rosi\u00e8res summer market every Monday morning (in July and August), Night-time markets every Thursday evening (in July and August), Cinema, Bakery, Grocery store, Supermarket, Tobacconist\u2019s \/ Newsagent\u2019s, Chemist\u2019s \/ Doctors, and a range of stores within a walkable 2km radius\u2026<\/p>\n","protected":false},"excerpt":{"rendered":"Presentation of Camping Ard\u00e8che Le Grillou Located in the Southern Ard\u00e8che, in the village of Rosi\u00e8res, Camping Ard\u00e8che Le Grillou is the perfect place to enjoy a sunny stay in a friendly atmosphere. Looking to relax or cool off? Our water park features a large pool, a spa pool, a small pool, a 47m-long water [&hellip;]","protected":false},"author":1,"featured_media":3740,"parent":0,"menu_order":0,"comment_status":"closed","ping_status":"closed","template":"","meta":[],"_links":{"self":[{"href":"https:\/\/www.camping-legrillou.fr\/en\/wp-json\/wp\/v2\/pages\/759"}],"collection":[{"href":"https:\/\/www.camping-legrillou.fr\/en\/wp-json\/wp\/v2\/pages"}],"about":[{"href":"https:\/\/www.camping-legrillou.fr\/en\/wp-json\/wp\/v2\/types\/page"}],"author":[{"embeddable":true,"href":"https:\/\/www.camping-legrillou.fr\/en\/wp-json\/wp\/v2\/users\/1"}],"replies":[{"embeddable":true,"href":"https:\/\/www.camping-legrillou.fr\/en\/wp-json\/wp\/v2\/comments?post=759"}],"version-history":[{"count":6,"href":"https:\/\/www.camping-legrillou.fr\/en\/wp-json\/wp\/v2\/pages\/759\/revisions"}],"predecessor-version":[{"id":4268,"href":"https:\/\/www.camping-legrillou.fr\/en\/wp-json\/wp\/v2\/pages\/759\/revisions\/4268"}],"wp:featuredmedia":[{"embeddable":true,"href":"https:\/\/www.camping-legrillou.fr\/en\/wp-json\/wp\/v2\/media\/3740"}],"wp:attachment":[{"href":"https:\/\/www.camping-legrillou.fr\/en\/wp-json\/wp\/v2\/media?parent=759"}],"curies":[{"name":"wp","href":"https:\/\/api.w.org\/{rel}","templated":true}]}}